{"id":354,"date":"2017-03-22T10:11:04","date_gmt":"2017-03-22T10:11:04","guid":{"rendered":"http:\/\/www.korflip.com\/?page_id=354\/"},"modified":"2018-02-12T11:12:44","modified_gmt":"2018-02-12T11:12:44","slug":"contact","status":"publish","type":"page","link":"https:\/\/www.korflip.com\/en\/contact\/","title":{"rendered":"Contact"},"content":{"rendered":"<p>[et_pb_section bb_built=&#8221;1&#8243; admin_label=&#8221;section&#8221; fullwidth=&#8221;on&#8221;][et_pb_fullwidth_slider admin_label=&#8221;Fullwidth Slider&#8221; show_arrows=&#8221;on&#8221; show_pagination=&#8221;on&#8221; auto=&#8221;off&#8221; parallax=&#8221;off&#8221; auto_ignore_hover=&#8221;off&#8221; parallax_method=&#8221;off&#8221; remove_inner_shadow=&#8221;off&#8221; background_position=&#8221;default&#8221; background_size=&#8221;default&#8221; hide_content_on_mobile=&#8221;off&#8221; hide_cta_on_mobile=&#8221;off&#8221; show_image_video_mobile=&#8221;off&#8221; custom_button=&#8221;off&#8221; button_letter_spacing=&#8221;0&#8243; button_use_icon=&#8221;default&#8221; button_icon_placement=&#8221;right&#8221; button_on_hover=&#8221;on&#8221; button_letter_spacing_hover=&#8221;0&#8243; custom_css_slide_title=&#8221;text-shadow: 2px 2px 7px #000;&#8221; custom_css_slide_description=&#8221;text-shadow: 2px 2px 7px #000;&#8221; custom_padding=&#8221;|||&#8221; custom_padding_tablet=&#8221;|||&#8221; custom_padding_phone=&#8221;|||&#8221; show_inner_shadow=&#8221;on&#8221; show_content_on_mobile=&#8221;on&#8221; show_cta_on_mobile=&#8221;on&#8221;][et_pb_slide heading=&#8221;Contact&#8221; background_color=&#8221;#ffffff&#8221; alignment=&#8221;center&#8221; background_layout=&#8221;dark&#8221; video_bg_width=&#8221;1920&#8243; video_bg_height=&#8221;638&#8243; background_image=&#8221;https:\/\/www.korflip.com\/wp-content\/uploads\/2017\/03\/korflip-alzadores-butacas.jpg&#8221; background_position=&#8221;default&#8221; background_size=&#8221;cover&#8221; use_bg_overlay=&#8221;off&#8221; use_text_overlay=&#8221;off&#8221; allow_player_pause=&#8221;off&#8221; text_border_radius=&#8221;3&#8243; header_font_select=&#8221;default&#8221; header_font=&#8221;|on||on|&#8221; body_font_select=&#8221;default&#8221; body_font=&#8221;||||&#8221; custom_button=&#8221;off&#8221; button_font_select=&#8221;default&#8221; button_font=&#8221;||||&#8221; button_use_icon=&#8221;default&#8221; button_icon_placement=&#8221;right&#8221; button_on_hover=&#8221;on&#8221;]<\/p>\n<p>Ask for information about our booster seats, Korflip is the only ones worldwide with fireproof certificate under UNE (EN) standards.<\/p>\n<p>[\/et_pb_slide][\/et_pb_fullwidth_slider][\/et_pb_section][et_pb_section bb_built=&#8221;1&#8243; admin_label=&#8221;section&#8221; fullwidth=&#8221;off&#8221;][et_pb_row admin_label=&#8221;row&#8221; background_position=&#8221;top_left&#8221; background_repeat=&#8221;repeat&#8221; background_size=&#8221;initial&#8221;][et_pb_column type=&#8221;4_4&#8243;][et_pb_text admin_label=&#8221;Text&#8221; background_layout=&#8221;light&#8221; text_orientation=&#8221;justified&#8221; use_border_color=&#8221;off&#8221; border_color=&#8221;#ffffff&#8221; border_style=&#8221;solid&#8221; background_position=&#8221;top_left&#8221; background_repeat=&#8221;repeat&#8221; background_size=&#8221;initial&#8221;]<\/p>\n<h1>Contact<\/h1>\n<p>[\/et_pb_text][et_pb_text admin_label=&#8221;Text&#8221; background_layout=&#8221;light&#8221; text_orientation=&#8221;justified&#8221; use_border_color=&#8221;off&#8221; border_color=&#8221;#ffffff&#8221; border_style=&#8221;solid&#8221; background_position=&#8221;top_left&#8221; background_repeat=&#8221;repeat&#8221; background_size=&#8221;initial&#8221;]<\/p>\n<p>Do not hesitate to contact Korflip to place an order or request more information about our cinema and theater booster seats. You can contact us through our customer service telephone number, email or by filling out the attached form on this page.<\/p>\n<p>[\/et_pb_text][\/et_pb_column][\/et_pb_row][et_pb_row background_position=&#8221;top_left&#8221; background_repeat=&#8221;repeat&#8221; background_size=&#8221;initial&#8221;][et_pb_column type=&#8221;1_4&#8243;][et_pb_blurb title=&#8221;info@korflip.com&#8221; url_new_window=&#8221;off&#8221; use_icon=&#8221;on&#8221; icon_color=&#8221;#ffffff&#8221; use_circle=&#8221;on&#8221; circle_color=&#8221;#000000&#8243; use_circle_border=&#8221;off&#8221; circle_border_color=&#8221;#fe0b0b&#8221; icon_placement=&#8221;left&#8221; animation=&#8221;left&#8221; background_layout=&#8221;light&#8221; text_orientation=&#8221;left&#8221; use_icon_font_size=&#8221;off&#8221; use_border_color=&#8221;off&#8221; border_color=&#8221;#ffffff&#8221; border_style=&#8221;solid&#8221; font_icon=&#8221;%%238%%&#8221; header_text_color=&#8221;#000000&#8243; background_position=&#8221;top_left&#8221; background_repeat=&#8221;repeat&#8221; background_size=&#8221;initial&#8221;]<\/p>\n<p>Email<\/p>\n<p>[\/et_pb_blurb][\/et_pb_column][et_pb_column type=&#8221;1_4&#8243;][et_pb_blurb title=&#8221;+34 925 58 37 84&#8243; url_new_window=&#8221;off&#8221; use_icon=&#8221;off&#8221; icon_color=&#8221;#ffffff&#8221; use_circle=&#8221;on&#8221; circle_color=&#8221;#000000&#8243; use_circle_border=&#8221;off&#8221; icon_placement=&#8221;left&#8221; animation=&#8221;left&#8221; background_layout=&#8221;light&#8221; use_icon_font_size=&#8221;off&#8221; use_border_color=&#8221;off&#8221; font_icon=&#8221;%%104%%&#8221; header_text_color=&#8221;#000000&#8243; background_position=&#8221;top_left&#8221; background_repeat=&#8221;repeat&#8221; background_size=&#8221;initial&#8221; _builder_version=&#8221;3.0.98&#8243; image=&#8221;https:\/\/www.korflip.com\/wp-content\/uploads\/2018\/02\/bandera-spain-1.png&#8221; max_width_tablet=&#8221;50px&#8221;]<\/p>\n<p>Customer support phone<\/p>\n<p>[\/et_pb_blurb][\/et_pb_column][et_pb_column type=&#8221;1_4&#8243;][et_pb_blurb title=&#8221;+44 127 380 81 65&#8243; url_new_window=&#8221;off&#8221; use_icon=&#8221;off&#8221; icon_color=&#8221;#ffffff&#8221; use_circle=&#8221;on&#8221; circle_color=&#8221;#000000&#8243; use_circle_border=&#8221;off&#8221; icon_placement=&#8221;left&#8221; animation=&#8221;left&#8221; background_layout=&#8221;light&#8221; use_icon_font_size=&#8221;off&#8221; use_border_color=&#8221;off&#8221; font_icon=&#8221;%%122%%&#8221; header_text_color=&#8221;#000000&#8243; background_position=&#8221;top_left&#8221; background_repeat=&#8221;repeat&#8221; background_size=&#8221;initial&#8221; _builder_version=&#8221;3.0.98&#8243; image=&#8221;https:\/\/www.korflip.com\/wp-content\/uploads\/2018\/02\/bandera-uk.png&#8221; max_width_tablet=&#8221;50px&#8221;]<\/p>\n<p>Customer support phone<\/p>\n<p>[\/et_pb_blurb][\/et_pb_column][et_pb_column type=&#8221;1_4&#8243;][et_pb_blurb title=&#8221;Los Pontones, 11&#8243; url_new_window=&#8221;off&#8221; use_icon=&#8221;on&#8221; icon_color=&#8221;#ffffff&#8221; use_circle=&#8221;on&#8221; circle_color=&#8221;#000000&#8243; use_circle_border=&#8221;off&#8221; icon_placement=&#8221;left&#8221; animation=&#8221;left&#8221; background_layout=&#8221;light&#8221; use_icon_font_size=&#8221;off&#8221; use_border_color=&#8221;off&#8221; font_icon=&#8221;%%124%%&#8221; header_text_color=&#8221;#000000&#8243; background_position=&#8221;top_left&#8221; background_repeat=&#8221;repeat&#8221; background_size=&#8221;initial&#8221; _builder_version=&#8221;3.0.98&#8243; max_width_tablet=&#8221;50px&#8221;]<\/p>\n<p>Toledo (Spain)<\/p>\n<p>[\/et_pb_blurb][\/et_pb_column][\/et_pb_row][\/et_pb_section][et_pb_section bb_built=&#8221;1&#8243; fullwidth=&#8221;off&#8221; specialty=&#8221;off&#8221;][et_pb_row background_position=&#8221;top_left&#8221; background_repeat=&#8221;repeat&#8221; background_size=&#8221;initial&#8221;][et_pb_column type=&#8221;4_4&#8243;][et_pb_contact_form admin_label=&#8221;Contact Form&#8221; captcha=&#8221;on&#8221; title=&#8221;Contact form&#8221; use_redirect=&#8221;off&#8221; use_border_color=&#8221;off&#8221; custom_button=&#8221;off&#8221; button_icon_placement=&#8221;right&#8221; email=&#8221;info@korflip.com&#8221; custom_message=&#8221;Has recibido un nuevo mensaje de contacto a trav\u00e9s de Korflip.com||et_pb_line_break_holder||Nombre: %%Name%%||et_pb_line_break_holder||Tel\u00e9fono: %%phone%%||et_pb_line_break_holder||Correo electr\u00f3nico: %%Email%%||et_pb_line_break_holder||Sets de alzadores en los que est\u00e1 interesado el cliente: %%alzadores%%||et_pb_line_break_holder||Consulta del cliente: %%Message%%&#8221; success_message=&#8221;Thank you for contact with Korflip. One of our agents will contact you soon.&#8221; border_radii=&#8221;on|0px|0px|0px|0px&#8221; _builder_version=&#8221;3.0.98&#8243;][et_pb_contact_field field_title=&#8221;Name&#8221; field_type=&#8221;input&#8221; field_id=&#8221;Name&#8221; required_mark=&#8221;on&#8221; fullwidth_field=&#8221;off&#8221; form_field_font_select=&#8221;default&#8221; form_field_font=&#8221;||||&#8221; use_border_color=&#8221;off&#8221; border_style=&#8221;solid&#8221; \/][et_pb_contact_field field_id=&#8221;phone&#8221; field_title=&#8221;Phone&#8221; field_type=&#8221;input&#8221; required_mark=&#8221;on&#8221; fullwidth_field=&#8221;off&#8221; form_field_font_select=&#8221;default&#8221; form_field_font=&#8221;||||&#8221; use_border_color=&#8221;off&#8221; border_style=&#8221;solid&#8221; \/][et_pb_contact_field field_title=&#8221;Email&#8221; field_type=&#8221;email&#8221; field_id=&#8221;Email&#8221; required_mark=&#8221;on&#8221; fullwidth_field=&#8221;off&#8221; form_field_font_select=&#8221;default&#8221; form_field_font=&#8221;||||&#8221; use_border_color=&#8221;off&#8221; border_style=&#8221;solid&#8221; \/][et_pb_contact_field field_id=&#8221;alzadores&#8221; field_title=&#8221;Number of sets of booster seats&#8221; field_type=&#8221;input&#8221; required_mark=&#8221;on&#8221; fullwidth_field=&#8221;off&#8221; form_field_font_select=&#8221;default&#8221; form_field_font=&#8221;||||&#8221; use_border_color=&#8221;off&#8221; border_style=&#8221;solid&#8221; \/][et_pb_contact_field field_title=&#8221;Message&#8221; field_type=&#8221;text&#8221; field_id=&#8221;Message&#8221; required_mark=&#8221;on&#8221; fullwidth_field=&#8221;on&#8221; form_field_font_select=&#8221;default&#8221; form_field_font=&#8221;||||&#8221; use_border_color=&#8221;off&#8221; border_style=&#8221;solid&#8221; \/][\/et_pb_contact_form][\/et_pb_column][\/et_pb_row][\/et_pb_section]<\/p>\n","protected":false},"excerpt":{"rendered":"<p>Ask for information about our booster seats, Korflip is the only ones worldwide with fireproof certificate under UNE (EN) standards. Contact Do not hesitate to contact Korflip to place an order or request more information about our cinema and theater booster seats. You can contact us through our customer service telephone number, email or by [&hellip;]<\/p>\n","protected":false},"author":1,"featured_media":0,"parent":0,"menu_order":0,"comment_status":"closed","ping_status":"closed","template":"","meta":{"_et_pb_use_builder":"on","_et_pb_old_content":"","_et_gb_content_width":""},"_links":{"self":[{"href":"https:\/\/www.korflip.com\/en\/wp-json\/wp\/v2\/pages\/354"}],"collection":[{"href":"https:\/\/www.korflip.com\/en\/wp-json\/wp\/v2\/pages"}],"about":[{"href":"https:\/\/www.korflip.com\/en\/wp-json\/wp\/v2\/types\/page"}],"author":[{"embeddable":true,"href":"https:\/\/www.korflip.com\/en\/wp-json\/wp\/v2\/users\/1"}],"replies":[{"embeddable":true,"href":"https:\/\/www.korflip.com\/en\/wp-json\/wp\/v2\/comments?post=354"}],"version-history":[{"count":5,"href":"https:\/\/www.korflip.com\/en\/wp-json\/wp\/v2\/pages\/354\/revisions"}],"predecessor-version":[{"id":461,"href":"https:\/\/www.korflip.com\/en\/wp-json\/wp\/v2\/pages\/354\/revisions\/461"}],"wp:attachment":[{"href":"https:\/\/www.korflip.com\/en\/wp-json\/wp\/v2\/media?parent=354"}],"curies":[{"name":"wp","href":"https:\/\/api.w.org\/{rel}","templated":true}]}}