{"id":299,"date":"2017-03-22T08:59:16","date_gmt":"2017-03-22T08:59:16","guid":{"rendered":"http:\/\/www.korflip.com\/?page_id=299"},"modified":"2018-02-12T11:10:18","modified_gmt":"2018-02-12T11:10:18","slug":"inicio","status":"publish","type":"page","link":"https:\/\/www.korflip.com\/en\/","title":{"rendered":"Home"},"content":{"rendered":"<p>[et_pb_section bb_built=&#8221;1&#8243; admin_label=&#8221;section&#8221; fullwidth=&#8221;on&#8221;][et_pb_fullwidth_slider admin_label=&#8221;Fullwidth Slider&#8221; show_arrows=&#8221;on&#8221; show_pagination=&#8221;on&#8221; auto=&#8221;off&#8221; parallax=&#8221;off&#8221; auto_ignore_hover=&#8221;off&#8221; parallax_method=&#8221;off&#8221; remove_inner_shadow=&#8221;off&#8221; background_position=&#8221;default&#8221; background_size=&#8221;default&#8221; hide_content_on_mobile=&#8221;off&#8221; hide_cta_on_mobile=&#8221;off&#8221; show_image_video_mobile=&#8221;off&#8221; custom_button=&#8221;off&#8221; button_letter_spacing=&#8221;0&#8243; button_use_icon=&#8221;default&#8221; button_icon_placement=&#8221;right&#8221; button_on_hover=&#8221;on&#8221; button_letter_spacing_hover=&#8221;0&#8243; custom_css_slide_title=&#8221;text-shadow: 2px 2px 7px #000;&#8221; custom_css_slide_description=&#8221;text-shadow: 2px 2px 7px #000;&#8221; custom_padding=&#8221;|||&#8221; custom_padding_tablet=&#8221;|||&#8221; custom_padding_phone=&#8221;|||&#8221; show_inner_shadow=&#8221;on&#8221; show_content_on_mobile=&#8221;on&#8221; show_cta_on_mobile=&#8221;on&#8221;][et_pb_slide heading=&#8221;Korflip&#8221; button_text=&#8221;Data sheet&#8221; button_link=&#8221;https:\/\/www.korflip.com\/en\/data-sheet&#8221; background_color=&#8221;#ffffff&#8221; alignment=&#8221;center&#8221; background_layout=&#8221;dark&#8221; video_bg_width=&#8221;1920&#8243; video_bg_height=&#8221;638&#8243; background_image=&#8221;https:\/\/www.korflip.com\/wp-content\/uploads\/2017\/03\/korflip-alzadores-butacas.jpg&#8221; background_position=&#8221;default&#8221; background_size=&#8221;cover&#8221; use_bg_overlay=&#8221;off&#8221; use_text_overlay=&#8221;off&#8221; allow_player_pause=&#8221;off&#8221; text_border_radius=&#8221;3&#8243; header_font_select=&#8221;default&#8221; header_font=&#8221;|on||on|&#8221; body_font_select=&#8221;default&#8221; body_font=&#8221;||||&#8221; custom_button=&#8221;off&#8221; button_font_select=&#8221;default&#8221; button_font=&#8221;||||&#8221; button_use_icon=&#8221;default&#8221; button_icon_placement=&#8221;right&#8221; button_on_hover=&#8221;on&#8221;]<\/p>\n<p>Korflip is the only booster seat of the market on a global scale that fulfills the current\u00a0regulations on the subject of preventive safety against fires. Under standards UNE\u00a0(EN) for its use in movies, theaters, auditoria and sports stadiums of the whole world.<\/p>\n<p>[\/et_pb_slide][\/et_pb_fullwidth_slider][\/et_pb_section][et_pb_section bb_built=&#8221;1&#8243; fullwidth=&#8221;off&#8221; specialty=&#8221;off&#8221;][et_pb_row background_position=&#8221;top_left&#8221; background_repeat=&#8221;repeat&#8221; background_size=&#8221;initial&#8221;][et_pb_column type=&#8221;4_4&#8243;][et_pb_text background_layout=&#8221;light&#8221; text_orientation=&#8221;left&#8221; use_border_color=&#8221;off&#8221; border_color=&#8221;#ffffff&#8221; border_style=&#8221;solid&#8221; background_position=&#8221;top_left&#8221; background_repeat=&#8221;repeat&#8221; background_size=&#8221;initial&#8221;]<\/p>\n<h1>Cinema and theaters booster seats<\/h1>\n<p>[\/et_pb_text][\/et_pb_column][\/et_pb_row][et_pb_row background_position=&#8221;top_left&#8221; background_repeat=&#8221;repeat&#8221; background_size=&#8221;initial&#8221;][et_pb_column type=&#8221;2_3&#8243;][et_pb_text background_layout=&#8221;light&#8221; text_orientation=&#8221;justified&#8221; use_border_color=&#8221;off&#8221; border_color=&#8221;#ffffff&#8221; border_style=&#8221;solid&#8221; background_position=&#8221;top_left&#8221; background_repeat=&#8221;repeat&#8221; background_size=&#8221;initial&#8221;]<\/p>\n<p><strong>Korflip is the indispensable element that cannot be missing in all movie rooms,\u00a0theaters, assembly rooms, polyvalent lounges of multiple uses, auditoriums, stadiums<\/strong>\u00a0and orchestras that they could be used by children.\u00a0<strong>Korflip<\/strong>\u00a0contributes an almost 15cm extra elevation, allowing to save this way the\u00a0headrest of the seat that precedes it. Making possible this way that the shortest\u00a0kids could have an ideal visibility.<\/p>\n<p>Its <strong>ergonomic design<\/strong> especially designed and conceived for the infantile use,\u00a0makes it extremely comfortable, <strong>made of injected PVC of high resistance that\u00a0makes it very resistant and lasting<\/strong>. In addition, it is to extremely easy to clean and to maintain, remaining inalterable many years.<\/p>\n<p>It lacks marked edges, since its rims and protrusions have been smoothed to\u00a0contribute to a nice touch, with a light rugosity that prevents the sliding of the\u00a0children. Therefore, besides being comfortable, it is safe, resistant and very easy\u00a0to clean.<\/p>\n<p>It comes from a serial production, usually in red colour, and fireproof certified,\u00a0adapting itself this way to the most strict international regulations on preventive\u00a0safety against fires.<\/p>\n<p>[\/et_pb_text][\/et_pb_column][et_pb_column type=&#8221;1_3&#8243;][et_pb_image src=&#8221;https:\/\/www.korflip.com\/wp-content\/uploads\/2017\/03\/alzador-infantil-para-butaca.jpg&#8221; alt=&#8221;Alzador infantil Korflip para butacas de cine y teatro&#8221; title_text=&#8221;Alzador infantil Korflip para butacas de cine y teatro&#8221; show_in_lightbox=&#8221;off&#8221; url_new_window=&#8221;off&#8221; use_overlay=&#8221;off&#8221; animation=&#8221;right&#8221; sticky=&#8221;off&#8221; align=&#8221;center&#8221; force_fullwidth=&#8221;off&#8221; always_center_on_mobile=&#8221;on&#8221; use_border_color=&#8221;off&#8221; border_color=&#8221;#ffffff&#8221; border_style=&#8221;solid&#8221; animation_style=&#8221;slide&#8221; animation_duration=&#8221;500ms&#8221; animation_intensity_slide=&#8221;10%&#8221; animation_direction=&#8221;right&#8221; show_bottom_space=&#8221;on&#8221; \/][\/et_pb_column][\/et_pb_row][et_pb_row background_position=&#8221;top_left&#8221; background_repeat=&#8221;repeat&#8221; background_size=&#8221;initial&#8221;][et_pb_column type=&#8221;1_3&#8243;][et_pb_image src=&#8221;https:\/\/www.korflip.com\/wp-content\/uploads\/2017\/03\/carrito-transporte-almacenaje-alzadores-infantiles.jpg&#8221; alt=&#8221;Carrito para almacenaje y transporte de alzadores infantiles &#8211; Korflip&#8221; title_text=&#8221;Carrito para almacenaje y transporte de alzadores infantiles &#8211; Korflip&#8221; show_in_lightbox=&#8221;off&#8221; url_new_window=&#8221;off&#8221; use_overlay=&#8221;off&#8221; animation=&#8221;left&#8221; sticky=&#8221;off&#8221; align=&#8221;center&#8221; force_fullwidth=&#8221;off&#8221; always_center_on_mobile=&#8221;on&#8221; use_border_color=&#8221;off&#8221; border_color=&#8221;#ffffff&#8221; border_style=&#8221;solid&#8221; animation_style=&#8221;slide&#8221; animation_duration=&#8221;500ms&#8221; animation_intensity_slide=&#8221;10%&#8221; animation_direction=&#8221;left&#8221; show_bottom_space=&#8221;on&#8221; \/][\/et_pb_column][et_pb_column type=&#8221;2_3&#8243;][et_pb_text background_layout=&#8221;light&#8221; text_orientation=&#8221;justified&#8221; use_border_color=&#8221;off&#8221; border_color=&#8221;#ffffff&#8221; border_style=&#8221;solid&#8221; background_position=&#8221;top_left&#8221; background_repeat=&#8221;repeat&#8221; background_size=&#8221;initial&#8221;]<\/p>\n<p><strong>Korflip is the only booster seat of the market on a global scale that fulfills the current\u00a0regulations on the subject of preventive safety against fires<\/strong>. Under standards UNE\u00a0(EN) for its use in movies, theaters, auditoria and sports stadiums of the whole world.<\/p>\n<p>Besides, Korflip is 100% designed and made in Spain, and is currently a golden\u00a0standard in the exportation of infantile equipment for cinemas and theaters all from\u00a0the 5 continents. Each day our booster seats have a bigger influence on the planet,\u00a0which places the Spanish industry on the top of the booster seats for manufacturing.<\/p>\n<p><strong>The innovative design of Korflip has been conceived by a prestigious and\u00a0well-known team of experts in design and comfort<\/strong>. And all its production phases,\u00a0from the innovative mould of advanced injection, to its production chain\u00a0subordinated to the highest quality standards and global logistic, is integrally\u00a0rational. This allows us to be the only ones that can offer a <strong>5 YEATS WARRANTY.<\/strong><\/p>\n<p>Korflip is provided in set with 36 seats piled up on a practical trolley with wheels,\u00a0which facilitates so much the storage works, as well as the transport. Optimizing the\u00a0piled up one in only one set, and being able to store up to 50 booster seats in only\u00a0one trolley.<\/p>\n<p>[\/et_pb_text][\/et_pb_column][\/et_pb_row][\/et_pb_section][et_pb_section bb_built=&#8221;1&#8243; admin_label=&#8221;section&#8221; fullwidth=&#8221;on&#8221;][et_pb_fullwidth_slider admin_label=&#8221;Fullwidth Slider&#8221; show_arrows=&#8221;off&#8221; show_pagination=&#8221;off&#8221; auto=&#8221;off&#8221; parallax=&#8221;on&#8221; auto_ignore_hover=&#8221;off&#8221; parallax_method=&#8221;off&#8221; remove_inner_shadow=&#8221;off&#8221; background_position=&#8221;default&#8221; background_size=&#8221;default&#8221; hide_content_on_mobile=&#8221;off&#8221; hide_cta_on_mobile=&#8221;off&#8221; show_image_video_mobile=&#8221;off&#8221; custom_button=&#8221;off&#8221; button_letter_spacing=&#8221;0&#8243; button_use_icon=&#8221;default&#8221; button_icon_placement=&#8221;right&#8221; button_on_hover=&#8221;on&#8221; button_letter_spacing_hover=&#8221;0&#8243; header_font=&#8221;|on||on|&#8221; custom_css_slide_title=&#8221;text-shadow: 2px 2px 7px #000;&#8221; custom_css_slide_description=&#8221;text-shadow: 2px 2px 7px #000;&#8221; custom_padding=&#8221;|||&#8221; custom_padding_tablet=&#8221;|||&#8221; custom_padding_phone=&#8221;|||&#8221; show_inner_shadow=&#8221;on&#8221; show_content_on_mobile=&#8221;on&#8221; show_cta_on_mobile=&#8221;on&#8221;][et_pb_slide heading=&#8221;Fireproof certificate&#8221; button_text=&#8221;Fireproof certificate&#8221; button_link=&#8221;https:\/\/www.korflip.com\/en\/fireproof-certificate&#8221; background_image=&#8221;https:\/\/www.korflip.com\/wp-content\/uploads\/2017\/03\/butacas-alzadores-infantiles.jpg&#8221; background_color=&#8221;#ffffff&#8221; alignment=&#8221;center&#8221; background_layout=&#8221;dark&#8221; background_position=&#8221;center&#8221; background_size=&#8221;contain&#8221; use_bg_overlay=&#8221;off&#8221; use_text_overlay=&#8221;off&#8221; allow_player_pause=&#8221;off&#8221; text_border_radius=&#8221;3&#8243; header_font_select=&#8221;default&#8221; header_font=&#8221;||||&#8221; body_font_select=&#8221;default&#8221; body_font=&#8221;||||&#8221; custom_button=&#8221;off&#8221; button_font_select=&#8221;default&#8221; button_font=&#8221;||||&#8221; button_use_icon=&#8221;default&#8221; button_icon_placement=&#8221;right&#8221; button_on_hover=&#8221;on&#8221;]<\/p>\n<p>Korflip manufacture is made with the latest machinery. Guaranteeing that each and every one of the pieces injected, comply with all the quality standards demanded by the different international organisms. Endorsed and certified by the ENAC under UNE (EN).<\/p>\n<p>[\/et_pb_slide][\/et_pb_fullwidth_slider][\/et_pb_section][et_pb_section bb_built=&#8221;1&#8243; fullwidth=&#8221;off&#8221; specialty=&#8221;off&#8221;][et_pb_row background_position=&#8221;top_left&#8221; background_repeat=&#8221;repeat&#8221; background_size=&#8221;initial&#8221;][et_pb_column type=&#8221;1_3&#8243;][et_pb_text background_layout=&#8221;light&#8221; text_orientation=&#8221;left&#8221; use_border_color=&#8221;off&#8221; border_color=&#8221;#ffffff&#8221; border_style=&#8221;solid&#8221; text_font_size=&#8221;26&#8243; background_position=&#8221;top_left&#8221; background_repeat=&#8221;repeat&#8221; background_size=&#8221;initial&#8221;]<\/p>\n<h1>Customer support<\/h1>\n<p>[\/et_pb_text][et_pb_blurb title=&#8221;info@korflip.com&#8221; url_new_window=&#8221;off&#8221; use_icon=&#8221;on&#8221; icon_color=&#8221;#ffffff&#8221; use_circle=&#8221;on&#8221; circle_color=&#8221;#000000&#8243; use_circle_border=&#8221;off&#8221; circle_border_color=&#8221;#fe0b0b&#8221; icon_placement=&#8221;left&#8221; animation=&#8221;left&#8221; background_layout=&#8221;light&#8221; text_orientation=&#8221;left&#8221; use_icon_font_size=&#8221;off&#8221; use_border_color=&#8221;off&#8221; border_color=&#8221;#ffffff&#8221; border_style=&#8221;solid&#8221; font_icon=&#8221;%%238%%&#8221; header_text_color=&#8221;#000000&#8243; background_position=&#8221;top_left&#8221; background_repeat=&#8221;repeat&#8221; background_size=&#8221;initial&#8221;]<\/p>\n<p>Email<\/p>\n<p>[\/et_pb_blurb][et_pb_blurb title=&#8221;+44 127 380 81 65&#8243; url_new_window=&#8221;off&#8221; use_icon=&#8221;off&#8221; icon_color=&#8221;#ffffff&#8221; use_circle=&#8221;on&#8221; circle_color=&#8221;#000000&#8243; use_circle_border=&#8221;off&#8221; icon_placement=&#8221;left&#8221; animation=&#8221;left&#8221; background_layout=&#8221;light&#8221; use_icon_font_size=&#8221;off&#8221; use_border_color=&#8221;off&#8221; font_icon=&#8221;%%104%%&#8221; header_text_color=&#8221;#000000&#8243; background_position=&#8221;top_left&#8221; background_repeat=&#8221;repeat&#8221; background_size=&#8221;initial&#8221; _builder_version=&#8221;3.0.98&#8243; image=&#8221;https:\/\/www.korflip.com\/wp-content\/uploads\/2018\/02\/bandera-uk.png&#8221; max_width_tablet=&#8221;50px&#8221;]<\/p>\n<p>Customer support phone<\/p>\n<p>[\/et_pb_blurb][et_pb_blurb title=&#8221;+34 925 58 37 84&#8243; url_new_window=&#8221;off&#8221; use_icon=&#8221;off&#8221; icon_color=&#8221;#ffffff&#8221; use_circle=&#8221;on&#8221; circle_color=&#8221;#000000&#8243; use_circle_border=&#8221;off&#8221; icon_placement=&#8221;left&#8221; animation=&#8221;left&#8221; background_layout=&#8221;light&#8221; use_icon_font_size=&#8221;off&#8221; use_border_color=&#8221;off&#8221; font_icon=&#8221;%%104%%&#8221; header_text_color=&#8221;#000000&#8243; background_position=&#8221;top_left&#8221; background_repeat=&#8221;repeat&#8221; background_size=&#8221;initial&#8221; _builder_version=&#8221;3.0.98&#8243; image=&#8221;https:\/\/www.korflip.com\/wp-content\/uploads\/2018\/02\/bandera-spain-1.png&#8221; max_width_tablet=&#8221;50px&#8221;]<\/p>\n<p>Customer support phone<\/p>\n<p>[\/et_pb_blurb][\/et_pb_column][et_pb_column type=&#8221;2_3&#8243;][et_pb_contact_form captcha=&#8221;on&#8221; use_redirect=&#8221;off&#8221; use_border_color=&#8221;off&#8221; custom_button=&#8221;off&#8221; button_icon_placement=&#8221;right&#8221; email=&#8221;info@korflip.com&#8221; title=&#8221;Contact form&#8221; custom_message=&#8221;Ha recibido un nuevo mensaje de contacto desde Korflip.com||et_pb_line_break_holder||Nombre: %%Name%%||et_pb_line_break_holder||Email: %%Email%%||et_pb_line_break_holder||Mensaje: %%Message%%&#8221; success_message=&#8221;Thank you for contact with Korflip. One of our agents will contact with you soon.&#8221; border_radii=&#8221;on|0px|0px|0px|0px&#8221; _builder_version=&#8221;3.0.98&#8243;][et_pb_contact_field field_title=&#8221;Name&#8221; field_type=&#8221;input&#8221; field_id=&#8221;Name&#8221; required_mark=&#8221;on&#8221; fullwidth_field=&#8221;off&#8221; form_field_font_select=&#8221;default&#8221; form_field_font=&#8221;||||&#8221; use_border_color=&#8221;off&#8221; border_style=&#8221;solid&#8221; \/][et_pb_contact_field field_title=&#8221;Email&#8221; field_type=&#8221;email&#8221; field_id=&#8221;Email&#8221; required_mark=&#8221;on&#8221; fullwidth_field=&#8221;off&#8221; form_field_font_select=&#8221;default&#8221; form_field_font=&#8221;||||&#8221; use_border_color=&#8221;off&#8221; border_style=&#8221;solid&#8221; \/][et_pb_contact_field field_title=&#8221;Message&#8221; field_type=&#8221;text&#8221; field_id=&#8221;Message&#8221; required_mark=&#8221;on&#8221; fullwidth_field=&#8221;on&#8221; form_field_font_select=&#8221;default&#8221; form_field_font=&#8221;||||&#8221; use_border_color=&#8221;off&#8221; border_style=&#8221;solid&#8221; \/][\/et_pb_contact_form][\/et_pb_column][\/et_pb_row][\/et_pb_section]<\/p>\n","protected":false},"excerpt":{"rendered":"<p>Korflip is the only booster seat of the market on a global scale that fulfills the current\u00a0regulations on the subject of preventive safety against fires. Under standards UNE\u00a0(EN) for its use in movies, theaters, auditoria and sports stadiums of the whole world. Cinema and theaters booster seats Korflip is the indispensable element that cannot be [&hellip;]<\/p>\n","protected":false},"author":1,"featured_media":0,"parent":0,"menu_order":0,"comment_status":"closed","ping_status":"closed","template":"","meta":{"_et_pb_use_builder":"on","_et_pb_old_content":"<p>Esto es una p\u00e1gina de ejemplo. Es diferente a una entrada porque permanece fija en un lugar y se mostrar\u00e1 en la navegaci\u00f3n de tu sitio (en la mayor\u00eda de los temas). La mayor\u00eda de la gente empieza con una p\u00e1gina de Acerca de, que les presenta a los potenciales visitantes del sitio. Podr\u00eda ser algo como esto:<\/p><blockquote><p>\u00a1Hola! Soy mensajero por el d\u00eda, aspirante a actor por la noche, y este es mi blog. Vivo en Madrid, tengo un perrazo llamado Duque y me gustan las pi\u00f1as coladas (y que me pille un chaparr\u00f3n)<\/p><\/blockquote><p>...o algo as\u00ed:<\/p><blockquote><p>La empresa XYZ se fund\u00f3 en 1971 y ha estado ofreciendo \"cosas\" de calidad al p\u00fablico desde entonces. Situada en Madrid, XYZ emplea a m\u00e1s de 2.000 personas y hace todo tipo de cosas sorprendentes para la comunidad de Madrid.<\/p><\/blockquote><p>Si eres nuevo en WordPress deber\u00edas ir a <a href=\"https:\/\/www.korflip.com\/wp-admin\/\">tu escritorio<\/a> para borrar esta p\u00e1gina y crear p\u00e1ginas nuevas con tu propio contenido. \u00a1P\u00e1salo bien!<\/p>","_et_gb_content_width":""},"_links":{"self":[{"href":"https:\/\/www.korflip.com\/en\/wp-json\/wp\/v2\/pages\/299"}],"collection":[{"href":"https:\/\/www.korflip.com\/en\/wp-json\/wp\/v2\/pages"}],"about":[{"href":"https:\/\/www.korflip.com\/en\/wp-json\/wp\/v2\/types\/page"}],"author":[{"embeddable":true,"href":"https:\/\/www.korflip.com\/en\/wp-json\/wp\/v2\/users\/1"}],"replies":[{"embeddable":true,"href":"https:\/\/www.korflip.com\/en\/wp-json\/wp\/v2\/comments?post=299"}],"version-history":[{"count":4,"href":"https:\/\/www.korflip.com\/en\/wp-json\/wp\/v2\/pages\/299\/revisions"}],"predecessor-version":[{"id":459,"href":"https:\/\/www.korflip.com\/en\/wp-json\/wp\/v2\/pages\/299\/revisions\/459"}],"wp:attachment":[{"href":"https:\/\/www.korflip.com\/en\/wp-json\/wp\/v2\/media?parent=299"}],"curies":[{"name":"wp","href":"https:\/\/api.w.org\/{rel}","templated":true}]}}